{"id":10223,"date":"2025-01-10T12:58:58","date_gmt":"2025-01-10T12:58:58","guid":{"rendered":"https:\/\/demo.wpzoom.com\/inspiro-lite-finance\/?page_id=10223"},"modified":"2025-06-30T18:13:24","modified_gmt":"2025-06-30T22:13:24","slug":"homepage-inspiro","status":"publish","type":"page","link":"https:\/\/painilda.cl\/","title":{"rendered":"Painilda.cl"},"content":{"rendered":"\n<div class=\"wp-block-group alignfull has-background has-global-padding is-layout-constrained wp-container-core-group-is-layout-eefe86a7 wp-block-group-is-layout-constrained\" style=\"background-color:#f5f9fe;margin-top:0;margin-bottom:0;padding-right:var(--wp--preset--spacing--x-small);padding-bottom:0px;padding-left:var(--wp--preset--spacing--x-small);background-image:url(&apos;https:\/\/painilda.cl\/wp-content\/uploads\/2023\/12\/gradient-grey-white.png&apos;);background-position:50% 100%;background-size:cover;\">\n<div style=\"height:var(--wp--preset--spacing--x-large)\" aria-hidden=\"true\" class=\"wp-block-spacer\"><\/div>\n\n\n\n<div class=\"wp-block-group has-global-padding is-layout-constrained wp-container-core-group-is-layout-ebe15cfa wp-block-group-is-layout-constrained\">\n<h1 class=\"wp-block-heading alignfull has-text-align-center has-text-color has-link-color has-large-font-size wp-elements-d9c5ce207001253c13898a62def029b2\" style=\"color:#010109;font-style:normal;font-weight:600\"><strong>\u00abEn cada vuelta de danza florecen nuestras ra\u00edces, la tradici\u00f3n se abraza al ritmo de la tierra\u00bb<\/strong><\/h1>\n<\/div>\n\n\n\n<\/div>\n\n\n\n<div class=\"wp-block-group alignfull has-background has-global-padding is-content-justification-center is-layout-constrained wp-container-core-group-is-layout-1cb0c577 wp-block-group-is-layout-constrained\" style=\"background-color:#f5f9fe;margin-top:0;margin-bottom:0;padding-top:0;padding-right:var(--wp--preset--spacing--x-small);padding-bottom:0;padding-left:var(--wp--preset--spacing--x-small)\">\n<div class=\"wp-block-columns is-layout-flex wp-container-core-columns-is-layout-28f84493 wp-block-columns-is-layout-flex\">\n<div class=\"wp-block-column is-layout-flow wp-block-column-is-layout-flow\" style=\"flex-basis:66.66%\">\n<p><\/p>\n\n\n\n<h2 class=\"wp-block-heading has-text-color has-link-color has-large-font-size wp-elements-3122931750b76f8e167203f3d8e957cb\" style=\"color:#010109\">Mis servicios:<\/h2>\n<\/div>\n\n\n\n<div class=\"wp-block-column is-layout-flow wp-block-column-is-layout-flow\" style=\"flex-basis:33.33%\"><\/div>\n<\/div>\n\n\n\n<div class=\"wp-block-columns is-layout-flex wp-container-core-columns-is-layout-fe8746cd wp-block-columns-is-layout-flex\">\n<div class=\"wp-block-column has-background is-layout-flow wp-block-column-is-layout-flow\" style=\"border-style:none;border-width:0px;border-radius:10px;background:linear-gradient(15deg,rgba(1,1,9,0.05) 0%,rgba(1,1,9,0.19) 100%);padding-top:var(--wp--preset--spacing--x-small);padding-right:var(--wp--preset--spacing--small);padding-bottom:var(--wp--preset--spacing--x-small);padding-left:var(--wp--preset--spacing--small)\">\n<h3 class=\"wp-block-heading has-text-color has-link-color has-medium-font-size wp-elements-f15b96a6afc2ed84a7127a4bc0305b8d\" style=\"color:#010109\"><strong>Clases de Folclore<\/strong><\/h3>\n\n\n\n<p class=\"has-text-color has-link-color wp-elements-f2a05be36a5d5a0c89f2f5641d20c932\" style=\"color:#010109\">En mis clases de folclore celebramos el alma de Chile a trav\u00e9s de la danza. Ense\u00f1amos pasos, historia y tradici\u00f3n, conectando a los estudiantes con sus ra\u00edces a trav\u00e9s de la cueca, el trote y otras expresiones del folclore nacional. Aqu\u00ed no solo se baila: se vive y se honra la identidad cultural.<\/p>\n\n\n\n<figure class=\"wp-block-image alignfull size-large\"><img fetchpriority=\"high\" decoding=\"async\" width=\"1024\" height=\"671\" src=\"https:\/\/painilda.cl\/wp-content\/uploads\/2025\/06\/danza-1024x671.jpg\" alt=\"\" class=\"wp-image-10289\" srcset=\"https:\/\/painilda.cl\/wp-content\/uploads\/2025\/06\/danza-1024x671.jpg 1024w, https:\/\/painilda.cl\/wp-content\/uploads\/2025\/06\/danza-300x197.jpg 300w, https:\/\/painilda.cl\/wp-content\/uploads\/2025\/06\/danza-2000x1311.jpg 2000w, https:\/\/painilda.cl\/wp-content\/uploads\/2025\/06\/danza.jpg 2048w\" sizes=\"(max-width: 1024px) 100vw, 1024px\" \/><\/figure>\n<\/div>\n\n\n\n<div class=\"wp-block-column has-background is-layout-flow wp-block-column-is-layout-flow\" style=\"border-style:none;border-width:0px;border-radius:10px;background:linear-gradient(15deg,rgba(1,1,9,0.05) 0%,rgba(1,1,9,0.19) 100%);padding-top:var(--wp--preset--spacing--x-small);padding-right:var(--wp--preset--spacing--small);padding-bottom:var(--wp--preset--spacing--x-small);padding-left:var(--wp--preset--spacing--small)\">\n<h3 class=\"wp-block-heading has-text-color has-link-color has-medium-font-size wp-elements-7303eaa22de6f071b51d6d80ccbfca84\" style=\"color:#010109\">Clases de canto<\/h3>\n\n\n\n<p class=\"has-text-color has-link-color wp-elements-c532a9a39e3b2f123e22f32c8fa22db3\" style=\"color:#010109\">En nuestras clases de canto cultivamos la voz como un canal de expresi\u00f3n y emoci\u00f3n. Trabajamos t\u00e9cnica vocal, interpretaci\u00f3n y repertorio, adapt\u00e1ndonos a cada nivel y estilo. M\u00e1s que cantar, buscamos que cada persona encuentre su propia voz y la haga brillar con identidad y confianza.<\/p>\n\n\n\n<figure class=\"wp-block-image alignfull size-full\"><img decoding=\"async\" width=\"898\" height=\"761\" src=\"https:\/\/painilda.cl\/wp-content\/uploads\/2025\/06\/canto.jpg\" alt=\"\" class=\"wp-image-10290\" srcset=\"https:\/\/painilda.cl\/wp-content\/uploads\/2025\/06\/canto.jpg 898w, https:\/\/painilda.cl\/wp-content\/uploads\/2025\/06\/canto-300x254.jpg 300w\" sizes=\"(max-width: 898px) 100vw, 898px\" \/><\/figure>\n<\/div>\n\n\n\n<div class=\"wp-block-column has-background is-layout-flow wp-block-column-is-layout-flow\" style=\"border-style:none;border-width:0px;border-radius:10px;background:linear-gradient(15deg,rgba(1,1,9,0.05) 0%,rgba(1,1,9,0.19) 100%);padding-top:var(--wp--preset--spacing--x-small);padding-right:var(--wp--preset--spacing--small);padding-bottom:var(--wp--preset--spacing--x-small);padding-left:var(--wp--preset--spacing--small)\">\n<h3 class=\"wp-block-heading has-text-color has-link-color has-medium-font-size wp-elements-a2241680f70b16038841334a3fc278d8\" style=\"color:#010109\">Orgnizaci\u00f3n de eventos Culturales<\/h3>\n\n\n\n<p class=\"has-text-color has-link-color wp-elements-70196045e99164f8ee7421fc9b895286\" style=\"color:#010109\">Dise\u00f1o experiencias que celebran nuestras ra\u00edces, talentos y expresiones art\u00edsticas. Coordino cada detalle con pasi\u00f3n y compromiso, uniendo tradici\u00f3n y creatividad para dar vida a encuentros que inspiran, educan y conectan a la comunidad.<\/p>\n\n\n\n<figure class=\"wp-block-image alignfull size-large\"><img decoding=\"async\" width=\"1024\" height=\"768\" src=\"https:\/\/painilda.cl\/wp-content\/uploads\/2025\/06\/organiza-1024x768.jpg\" alt=\"\" class=\"wp-image-10292\" srcset=\"https:\/\/painilda.cl\/wp-content\/uploads\/2025\/06\/organiza-1024x768.jpg 1024w, https:\/\/painilda.cl\/wp-content\/uploads\/2025\/06\/organiza-300x225.jpg 300w, https:\/\/painilda.cl\/wp-content\/uploads\/2025\/06\/organiza.jpg 1632w\" sizes=\"(max-width: 1024px) 100vw, 1024px\" \/><\/figure>\n<\/div>\n<\/div>\n\n\n\n<div class=\"wp-block-columns is-layout-flex wp-container-core-columns-is-layout-97d981de wp-block-columns-is-layout-flex\">\n<div class=\"wp-block-column is-vertically-aligned-center is-layout-flow wp-block-column-is-layout-flow\">\n<p><a href=\"https:\/\/demo.wpzoom.com\/inspiro-lite-finance\/#\"><\/a><\/p>\n\n\n\n<div class=\"wp-block-columns is-layout-flex wp-container-core-columns-is-layout-28f84493 wp-block-columns-is-layout-flex\">\n<div class=\"wp-block-column is-layout-flow wp-block-column-is-layout-flow\">\n<iframe src=\"https:\/\/www.facebook.com\/plugins\/video.php?height=476&#038;href=https%3A%2F%2Fwww.facebook.com%2Fnildarosa%2Fvideos%2F1025278272922157%2F&#038;show_text=false&#038;width=267&#038;t=0\" width=\"267\" height=\"476\" style=\"border:none;overflow:hidden\" scrolling=\"no\" frameborder=\"0\" allowfullscreen=\"true\" allow=\"autoplay; clipboard-write; encrypted-media; picture-in-picture; web-share\" allowFullScreen=\"true\"><\/iframe>\n<\/div>\n\n\n\n<div class=\"wp-block-column is-layout-flow wp-block-column-is-layout-flow\">\n<blockquote class=\"instagram-media\" \n    data-instgrm-permalink=\"https:\/\/www.instagram.com\/reel\/C-Qevn_BHTk7CMpQvBvAjUcmfO4LxcU7E5WU7E0\/\" \n    data-instgrm-version=\"14\" \n    style=\"background:#FFF; border:0; margin: 1px auto; max-width:540px; width:99%; box-shadow:0 0 1px 0 rgba(0,0,0,0.5),0 1px 10px 0 rgba(0,0,0,0.15);\">\n<\/blockquote>\n\n<script async src=\"\/\/www.instagram.com\/embed.js\"><\/script>\n<\/div>\n\n\n\n<div class=\"wp-block-column is-layout-flow wp-block-column-is-layout-flow\"><blockquote class=\"instagram-media\" data-instgrm-captioned data-instgrm-permalink=\"https:\/\/www.instagram.com\/reel\/DKp89r_pjMC\/?utm_source=ig_embed&amp;utm_campaign=loading\" data-instgrm-version=\"14\" style=\" background:#FFF; border:0; border-radius:3px; box-shadow:0 0 1px 0 rgba(0,0,0,0.5),0 1px 10px 0 rgba(0,0,0,0.15); margin: 1px; max-width:540px; min-width:326px; padding:0; width:99.375%; width:-webkit-calc(100% - 2px); width:calc(100% - 2px);\">\n<div style=\"padding:16px;\"> <a href=\"https:\/\/www.instagram.com\/reel\/DKp89r_pjMC\/?utm_source=ig_embed&amp;utm_campaign=loading\" style=\" background:#FFFFFF; line-height:0; padding:0 0; text-align:center; text-decoration:none; width:100%;\" target=\"_blank\"> <\/p>\n<div style=\" display: flex; flex-direction: row; align-items: center;\">\n<div style=\"background-color: #F4F4F4; border-radius: 50%; flex-grow: 0; height: 40px; margin-right: 14px; width: 40px;\"><\/div>\n<div style=\"display: flex; flex-direction: column; flex-grow: 1; justify-content: center;\">\n<div style=\" background-color: #F4F4F4; border-radius: 4px; flex-grow: 0; height: 14px; margin-bottom: 6px; width: 100px;\"><\/div>\n<div style=\" background-color: #F4F4F4; border-radius: 4px; flex-grow: 0; height: 14px; width: 60px;\"><\/div>\n<\/div>\n<\/div>\n<div style=\"padding: 19% 0;\"><\/div>\n<div style=\"display:block; height:50px; margin:0 auto 12px; width:50px;\"><svg width=\"50px\" height=\"50px\" viewBox=\"0 0 60 60\" version=\"1.1\" xmlns=\"https:\/\/www.w3.org\/2000\/svg\" xmlns:xlink=\"https:\/\/www.w3.org\/1999\/xlink\"><g stroke=\"none\" stroke-width=\"1\" fill=\"none\" fill-rule=\"evenodd\"><g transform=\"translate(-511.000000, -20.000000)\" fill=\"#000000\"><g><path d=\"M556.869,30.41 C554.814,30.41 553.148,32.076 553.148,34.131 C553.148,36.186 554.814,37.852 556.869,37.852 C558.924,37.852 560.59,36.186 560.59,34.131 C560.59,32.076 558.924,30.41 556.869,30.41 M541,60.657 C535.114,60.657 530.342,55.887 530.342,50 C530.342,44.114 535.114,39.342 541,39.342 C546.887,39.342 551.658,44.114 551.658,50 C551.658,55.887 546.887,60.657 541,60.657 M541,33.886 C532.1,33.886 524.886,41.1 524.886,50 C524.886,58.899 532.1,66.113 541,66.113 C549.9,66.113 557.115,58.899 557.115,50 C557.115,41.1 549.9,33.886 541,33.886 M565.378,62.101 C565.244,65.022 564.756,66.606 564.346,67.663 C563.803,69.06 563.154,70.057 562.106,71.106 C561.058,72.155 560.06,72.803 558.662,73.347 C557.607,73.757 556.021,74.244 553.102,74.378 C549.944,74.521 548.997,74.552 541,74.552 C533.003,74.552 532.056,74.521 528.898,74.378 C525.979,74.244 524.393,73.757 523.338,73.347 C521.94,72.803 520.942,72.155 519.894,71.106 C518.846,70.057 518.197,69.06 517.654,67.663 C517.244,66.606 516.755,65.022 516.623,62.101 C516.479,58.943 516.448,57.996 516.448,50 C516.448,42.003 516.479,41.056 516.623,37.899 C516.755,34.978 517.244,33.391 517.654,32.338 C518.197,30.938 518.846,29.942 519.894,28.894 C520.942,27.846 521.94,27.196 523.338,26.654 C524.393,26.244 525.979,25.756 528.898,25.623 C532.057,25.479 533.004,25.448 541,25.448 C548.997,25.448 549.943,25.479 553.102,25.623 C556.021,25.756 557.607,26.244 558.662,26.654 C560.06,27.196 561.058,27.846 562.106,28.894 C563.154,29.942 563.803,30.938 564.346,32.338 C564.756,33.391 565.244,34.978 565.378,37.899 C565.522,41.056 565.552,42.003 565.552,50 C565.552,57.996 565.522,58.943 565.378,62.101 M570.82,37.631 C570.674,34.438 570.167,32.258 569.425,30.349 C568.659,28.377 567.633,26.702 565.965,25.035 C564.297,23.368 562.623,22.342 560.652,21.575 C558.743,20.834 556.562,20.326 553.369,20.18 C550.169,20.033 549.148,20 541,20 C532.853,20 531.831,20.033 528.631,20.18 C525.438,20.326 523.257,20.834 521.349,21.575 C519.376,22.342 517.703,23.368 516.035,25.035 C514.368,26.702 513.342,28.377 512.574,30.349 C511.834,32.258 511.326,34.438 511.181,37.631 C511.035,40.831 511,41.851 511,50 C511,58.147 511.035,59.17 511.181,62.369 C511.326,65.562 511.834,67.743 512.574,69.651 C513.342,71.625 514.368,73.296 516.035,74.965 C517.703,76.634 519.376,77.658 521.349,78.425 C523.257,79.167 525.438,79.673 528.631,79.82 C531.831,79.965 532.853,80.001 541,80.001 C549.148,80.001 550.169,79.965 553.369,79.82 C556.562,79.673 558.743,79.167 560.652,78.425 C562.623,77.658 564.297,76.634 565.965,74.965 C567.633,73.296 568.659,71.625 569.425,69.651 C570.167,67.743 570.674,65.562 570.82,62.369 C570.966,59.17 571,58.147 571,50 C571,41.851 570.966,40.831 570.82,37.631\"><\/path><\/g><\/g><\/g><\/svg><\/div>\n<div style=\"padding-top: 8px;\">\n<div style=\" color:#3897f0; font-family:Arial,sans-serif; font-size:14px; font-style:normal; font-weight:550; line-height:18px;\">Ver esta publicaci\u00f3n en Instagram<\/div>\n<\/div>\n<div style=\"padding: 12.5% 0;\"><\/div>\n<div style=\"display: flex; flex-direction: row; margin-bottom: 14px; align-items: center;\">\n<div>\n<div style=\"background-color: #F4F4F4; border-radius: 50%; height: 12.5px; width: 12.5px; transform: translateX(0px) translateY(7px);\"><\/div>\n<div style=\"background-color: #F4F4F4; height: 12.5px; transform: rotate(-45deg) translateX(3px) translateY(1px); width: 12.5px; flex-grow: 0; margin-right: 14px; margin-left: 2px;\"><\/div>\n<div style=\"background-color: #F4F4F4; border-radius: 50%; height: 12.5px; width: 12.5px; transform: translateX(9px) translateY(-18px);\"><\/div>\n<\/div>\n<div style=\"margin-left: 8px;\">\n<div style=\" background-color: #F4F4F4; border-radius: 50%; flex-grow: 0; height: 20px; width: 20px;\"><\/div>\n<div style=\" width: 0; height: 0; border-top: 2px solid transparent; border-left: 6px solid #f4f4f4; border-bottom: 2px solid transparent; transform: translateX(16px) translateY(-4px) rotate(30deg)\"><\/div>\n<\/div>\n<div style=\"margin-left: auto;\">\n<div style=\" width: 0px; border-top: 8px solid #F4F4F4; border-right: 8px solid transparent; transform: translateY(16px);\"><\/div>\n<div style=\" background-color: #F4F4F4; flex-grow: 0; height: 12px; width: 16px; transform: translateY(-4px);\"><\/div>\n<div style=\" width: 0; height: 0; border-top: 8px solid #F4F4F4; border-left: 8px solid transparent; transform: translateY(-4px) translateX(8px);\"><\/div>\n<\/div>\n<\/div>\n<div style=\"display: flex; flex-direction: column; flex-grow: 1; justify-content: center; margin-bottom: 24px;\">\n<div style=\" background-color: #F4F4F4; border-radius: 4px; flex-grow: 0; height: 14px; margin-bottom: 6px; width: 224px;\"><\/div>\n<div style=\" background-color: #F4F4F4; border-radius: 4px; flex-grow: 0; height: 14px; width: 144px;\"><\/div>\n<\/div>\n<p><\/a><\/p>\n<p style=\" color:#c9c8cd; font-family:Arial,sans-serif; font-size:14px; line-height:17px; margin-bottom:0; margin-top:8px; overflow:hidden; padding:8px 0 7px; text-align:center; text-overflow:ellipsis; white-space:nowrap;\"><a href=\"https:\/\/www.instagram.com\/reel\/DKp89r_pjMC\/?utm_source=ig_embed&amp;utm_campaign=loading\" style=\" color:#c9c8cd; font-family:Arial,sans-serif; font-size:14px; font-style:normal; font-weight:normal; line-height:17px; text-decoration:none;\" target=\"_blank\">Una publicaci\u00f3n compartida por Nilda Ibarra (@pai_nilda)<\/a><\/p>\n<\/div>\n<\/blockquote>\n<p><script async src=\"\/\/www.instagram.com\/embed.js\"><\/script><\/p>\n<\/div>\n<\/div>\n<\/div>\n<\/div>\n\n\n\n<div class=\"wp-block-columns is-layout-flex wp-container-core-columns-is-layout-97d981de wp-block-columns-is-layout-flex\">\n<div class=\"wp-block-column is-vertically-aligned-top is-layout-flow wp-block-column-is-layout-flow\"><\/div>\n\n\n\n<div class=\"wp-block-column is-layout-flow wp-block-column-is-layout-flow\"><\/div>\n<\/div>\n<\/div>\n\n\n\n<div class=\"wp-block-group alignfull has-background has-global-padding is-layout-constrained wp-container-core-group-is-layout-6d7232ae wp-block-group-is-layout-constrained\" style=\"background-color:#f5f9fe;margin-top:0;margin-bottom:0;padding-right:var(--wp--preset--spacing--x-small);padding-left:var(--wp--preset--spacing--x-small)\">\n<div style=\"height:var(--wp--preset--spacing--medium)\" aria-hidden=\"true\" class=\"wp-block-spacer\"><\/div>\n\n\n\n<h2 class=\"wp-block-heading has-text-color has-link-color has-large-font-size wp-elements-e336c5f6a2a9f3cf75a0014eab775dd8\" style=\"color:#010109\">Recomendaciones<\/h2>\n\n\n\n<div style=\"height:var(--wp--preset--spacing--medium)\" aria-hidden=\"true\" class=\"wp-block-spacer\"><\/div>\n\n\n\n<div class=\"wp-block-group has-global-padding is-layout-constrained wp-container-core-group-is-layout-3a820303 wp-block-group-is-layout-constrained\" style=\"padding-right:var(--wp--preset--spacing--small);padding-left:var(--wp--preset--spacing--small)\">\n<div class=\"wp-block-columns is-layout-flex wp-container-core-columns-is-layout-28f84493 wp-block-columns-is-layout-flex\">\n<div class=\"wp-block-column is-layout-flow wp-block-column-is-layout-flow\" style=\"flex-basis:30%\">\n<figure class=\"wp-block-image size-full is-resized has-custom-border\"><img loading=\"lazy\" decoding=\"async\" width=\"740\" height=\"940\" src=\"https:\/\/painilda.cl\/wp-content\/uploads\/2023\/08\/t1.png\" alt=\"\" class=\"wp-image-9686\" style=\"border-radius:10px;aspect-ratio:1;object-fit:cover;width:150px\" srcset=\"https:\/\/painilda.cl\/wp-content\/uploads\/2023\/08\/t1.png 740w, https:\/\/painilda.cl\/wp-content\/uploads\/2023\/08\/t1-236x300.png 236w\" sizes=\"(max-width: 740px) 100vw, 740px\" \/><\/figure>\n<\/div>\n\n\n\n<div class=\"wp-block-column is-layout-flow wp-block-column-is-layout-flow\" style=\"flex-basis:70%\">\n<div class=\"wp-block-group is-nowrap is-layout-flex wp-container-core-group-is-layout-f66f9956 wp-block-group-is-layout-flex\">\n<div class=\"wp-block-outermost-icon-block\"><div class=\"icon-container has-icon-color\" style=\"color:#1a1aff;width:28px;transform:rotate(0deg) scaleX(1) scaleY(1)\"><svg height=\"1792\" viewBox=\"0 0 1792 1792\" width=\"1792\" xmlns=\"http:\/\/www.w3.org\/2000\/svg\"><path d=\"M832 320v704q0 104-40.5 198.5t-109.5 163.5-163.5 109.5-198.5 40.5h-64q-26 0-45-19t-19-45v-128q0-26 19-45t45-19h64q106 0 181-75t75-181v-32q0-40-28-68t-68-28h-224q-80 0-136-56t-56-136v-384q0-80 56-136t136-56h384q80 0 136 56t56 136zm896 0v704q0 104-40.5 198.5t-109.5 163.5-163.5 109.5-198.5 40.5h-64q-26 0-45-19t-19-45v-128q0-26 19-45t45-19h64q106 0 181-75t75-181v-32q0-40-28-68t-68-28h-224q-80 0-136-56t-56-136v-384q0-80 56-136t136-56h384q80 0 136 56t56 136z\"><\/path><\/svg><\/div><\/div>\n\n\n\n<p class=\"has-text-color has-link-color wp-elements-5048c9944bcfa537e5086232fcc5e2c1\" style=\"color:#010109\">Inspiro provided invaluable insights. Their budgeting tools helped us optimize expenses and achieve our financial goals faster. Impressed!<\/p>\n<\/div>\n\n\n\n<div class=\"wp-block-group is-nowrap is-layout-flex wp-container-core-group-is-layout-33b16b20 wp-block-group-is-layout-flex\" style=\"padding-right:var(--wp--preset--spacing--small);padding-left:var(--wp--preset--spacing--small)\">\n<h4 class=\"wp-block-heading has-text-color has-link-color wp-elements-dcb0d8d78423822448c836c2f44955ee\" style=\"color:#010109\">Nombre importante<\/h4>\n\n\n\n<p class=\"has-text-color has-link-color wp-elements-dac8bad75f1e2473cc287f836da341e4\" style=\"color:#878b96\">a quien representa<\/p>\n<\/div>\n<\/div>\n<\/div>\n\n\n\n<hr class=\"wp-block-separator has-text-color has-alpha-channel-opacity has-background is-style-wide\" style=\"margin-top:var(--wp--preset--spacing--small);margin-bottom:var(--wp--preset--spacing--small);background-color:#878b96;color:#878b96\"\/>\n\n\n\n<div class=\"wp-block-columns is-layout-flex wp-container-core-columns-is-layout-28f84493 wp-block-columns-is-layout-flex\">\n<div class=\"wp-block-column is-layout-flow wp-block-column-is-layout-flow\" style=\"flex-basis:30%\">\n<figure class=\"wp-block-image size-full is-resized has-custom-border\"><img loading=\"lazy\" decoding=\"async\" width=\"740\" height=\"940\" src=\"https:\/\/painilda.cl\/wp-content\/uploads\/2023\/08\/t3.png\" alt=\"\" class=\"wp-image-9688\" style=\"border-radius:10px;aspect-ratio:1;object-fit:cover;width:150px\" srcset=\"https:\/\/painilda.cl\/wp-content\/uploads\/2023\/08\/t3.png 740w, https:\/\/painilda.cl\/wp-content\/uploads\/2023\/08\/t3-236x300.png 236w\" sizes=\"(max-width: 740px) 100vw, 740px\" \/><\/figure>\n<\/div>\n\n\n\n<div class=\"wp-block-column is-layout-flow wp-block-column-is-layout-flow\" style=\"flex-basis:70%\">\n<div class=\"wp-block-group is-nowrap is-layout-flex wp-container-core-group-is-layout-f66f9956 wp-block-group-is-layout-flex\">\n<div class=\"wp-block-outermost-icon-block\"><div class=\"icon-container has-icon-color\" style=\"color:#1a1aff;width:28px;transform:rotate(0deg) scaleX(1) scaleY(1)\"><svg height=\"1792\" viewBox=\"0 0 1792 1792\" width=\"1792\" xmlns=\"http:\/\/www.w3.org\/2000\/svg\"><path d=\"M832 320v704q0 104-40.5 198.5t-109.5 163.5-163.5 109.5-198.5 40.5h-64q-26 0-45-19t-19-45v-128q0-26 19-45t45-19h64q106 0 181-75t75-181v-32q0-40-28-68t-68-28h-224q-80 0-136-56t-56-136v-384q0-80 56-136t136-56h384q80 0 136 56t56 136zm896 0v704q0 104-40.5 198.5t-109.5 163.5-163.5 109.5-198.5 40.5h-64q-26 0-45-19t-19-45v-128q0-26 19-45t45-19h64q106 0 181-75t75-181v-32q0-40-28-68t-68-28h-224q-80 0-136-56t-56-136v-384q0-80 56-136t136-56h384q80 0 136 56t56 136z\"><\/path><\/svg><\/div><\/div>\n\n\n\n<p class=\"has-text-color has-link-color wp-elements-b9ec93269064e347ef588976672ec397\" style=\"color:#010109\">Inspiro Finance Solutions has transformed our financial management. Their investment recommendations have led to significant growth in our portfolio. Highly recommended!<\/p>\n<\/div>\n\n\n\n<div class=\"wp-block-group is-nowrap is-layout-flex wp-container-core-group-is-layout-33b16b20 wp-block-group-is-layout-flex\" style=\"padding-right:var(--wp--preset--spacing--small);padding-left:var(--wp--preset--spacing--small)\">\n<h4 class=\"wp-block-heading has-text-color has-link-color wp-elements-dcb0d8d78423822448c836c2f44955ee\" style=\"color:#010109\">Nombre importante<\/h4>\n\n\n\n<p class=\"has-text-color has-link-color wp-elements-dac8bad75f1e2473cc287f836da341e4\" style=\"color:#878b96\">a quien representa<\/p>\n<\/div>\n<\/div>\n<\/div>\n<\/div>\n\n\n\n<div style=\"height:100px\" aria-hidden=\"true\" class=\"wp-block-spacer\"><\/div>\n<\/div>\n\n\n\n<div class=\"wp-block-group alignfull has-background has-global-padding is-layout-constrained wp-container-core-group-is-layout-6d7232ae wp-block-group-is-layout-constrained\" style=\"background-color:#f5f9fe;margin-top:0;margin-bottom:0;padding-right:var(--wp--preset--spacing--x-small);padding-left:var(--wp--preset--spacing--x-small)\">\n<h2 class=\"wp-block-heading has-text-color has-link-color has-large-font-size wp-elements-7b8dec6f218f792c0e5fd9c291077d69\" style=\"color:#010109\">Presentaci\u00f3n en Huaso de Olmu\u00e9 junto a \u00abLOS TRUKEROS\u00bb<\/h2>\n<\/div>\n\n\n\n<div class=\"wp-block-group alignfull has-background has-global-padding is-layout-constrained wp-container-core-group-is-layout-76dacd3a wp-block-group-is-layout-constrained\" style=\"background-color:#f5f9fe;margin-top:0;margin-bottom:0;padding-right:var(--wp--preset--spacing--x-small);padding-bottom:0px;padding-left:var(--wp--preset--spacing--x-small)\">\n<div class=\"wp-block-columns is-layout-flex wp-container-core-columns-is-layout-28f84493 wp-block-columns-is-layout-flex\">\n<div class=\"wp-block-column is-layout-flow wp-block-column-is-layout-flow\" style=\"flex-basis:100%\">\n<div class=\"wp-block-group has-global-padding is-layout-constrained wp-block-group-is-layout-constrained\">\n<figure class=\"wp-block-video\"><video height=\"1080\" style=\"aspect-ratio: 1920 \/ 1080;\" width=\"1920\" controls src=\"https:\/\/painilda.cl\/wp-content\/uploads\/2025\/06\/Festival-del-huaso-de-olmue-Enero-2010-los-trukeros.mp4\"><\/video><\/figure>\n<\/div>\n<\/div>\n<\/div>\n\n\n\n<div style=\"height:var(--wp--preset--spacing--x-small)\" aria-hidden=\"true\" class=\"wp-block-spacer\"><\/div>\n<\/div>\n\n\n\n<p><\/p>\n","protected":false},"excerpt":{"rendered":"<p>\u00abEn cada vuelta de danza florecen nuestras ra\u00edces, la tradici\u00f3n se abraza al ritmo de la tierra\u00bb Mis servicios: Clases de Folclore En mis clases de folclore celebramos el alma de Chile a trav\u00e9s de la danza. Ense\u00f1amos pasos, historia y tradici\u00f3n, conectando a los estudiantes con sus ra\u00edces a trav\u00e9s de la cueca, el &hellip; <\/p>\n<p class=\"link-more\"><a href=\"https:\/\/painilda.cl\/\" class=\"more-link\">Leer m\u00e1s<span class=\"screen-reader-text\"> \u00abPainilda.cl\u00bb<\/span><\/a><\/p>\n","protected":false},"author":1,"featured_media":0,"parent":0,"menu_order":0,"comment_status":"closed","ping_status":"closed","template":"page-templates\/full-width-no-title.php","meta":{"footnotes":""},"class_list":["post-10223","page","type-page","status-publish","hentry"],"_links":{"self":[{"href":"https:\/\/painilda.cl\/index.php?rest_route=\/wp\/v2\/pages\/10223","targetHints":{"allow":["GET"]}}],"collection":[{"href":"https:\/\/painilda.cl\/index.php?rest_route=\/wp\/v2\/pages"}],"about":[{"href":"https:\/\/painilda.cl\/index.php?rest_route=\/wp\/v2\/types\/page"}],"author":[{"embeddable":true,"href":"https:\/\/painilda.cl\/index.php?rest_route=\/wp\/v2\/users\/1"}],"replies":[{"embeddable":true,"href":"https:\/\/painilda.cl\/index.php?rest_route=%2Fwp%2Fv2%2Fcomments&post=10223"}],"version-history":[{"count":22,"href":"https:\/\/painilda.cl\/index.php?rest_route=\/wp\/v2\/pages\/10223\/revisions"}],"predecessor-version":[{"id":10353,"href":"https:\/\/painilda.cl\/index.php?rest_route=\/wp\/v2\/pages\/10223\/revisions\/10353"}],"wp:attachment":[{"href":"https:\/\/painilda.cl\/index.php?rest_route=%2Fwp%2Fv2%2Fmedia&parent=10223"}],"curies":[{"name":"wp","href":"https:\/\/api.w.org\/{rel}","templated":true}]}}